{"id":237,"date":"2024-04-02T17:04:01","date_gmt":"2024-04-02T17:04:01","guid":{"rendered":"https:\/\/biotonix.com\/?page_id=237"},"modified":"2026-04-07T14:42:46","modified_gmt":"2026-04-07T14:42:46","slug":"posture","status":"publish","type":"page","link":"https:\/\/biotonix.com\/en\/posture\/","title":{"rendered":"Biotonix Posture"},"content":{"rendered":"<div data-elementor-type=\"wp-page\" data-elementor-id=\"237\" class=\"elementor elementor-237\" data-elementor-post-type=\"page\">\n\t\t\t\t<div class=\"elementor-element elementor-element-9aaa339 e-con-full e-flex e-con e-parent\" data-id=\"9aaa339\" data-element_type=\"container\" data-e-type=\"container\" data-settings=\"{&quot;background_background&quot;:&quot;gradient&quot;}\">\n\t\t<div class=\"elementor-element elementor-element-f99926f e-con-full e-flex e-con e-child\" data-id=\"f99926f\" data-element_type=\"container\" data-e-type=\"container\">\n\t\t\t\t<div class=\"elementor-element elementor-element-b7cdc1d elementor-widget-mobile__width-auto trustedBy elementor-invisible elementor-widget elementor-widget-image-carousel\" data-id=\"b7cdc1d\" data-element_type=\"widget\" data-e-type=\"widget\" data-settings=\"{&quot;slides_to_show&quot;:&quot;10&quot;,&quot;slides_to_show_mobile&quot;:&quot;3&quot;,&quot;autoplay_speed&quot;:10,&quot;image_spacing_custom&quot;:{&quot;unit&quot;:&quot;px&quot;,&quot;size&quot;:60,&quot;sizes&quot;:[]},&quot;slides_to_show_tablet&quot;:&quot;9&quot;,&quot;image_spacing_custom_mobile&quot;:{&quot;unit&quot;:&quot;px&quot;,&quot;size&quot;:35,&quot;sizes&quot;:[]},&quot;navigation&quot;:&quot;none&quot;,&quot;speed&quot;:6000,&quot;_animation&quot;:&quot;fadeInUp&quot;,&quot;image_spacing_custom_tablet&quot;:{&quot;unit&quot;:&quot;px&quot;,&quot;size&quot;:20,&quot;sizes&quot;:[]},&quot;autoplay&quot;:&quot;yes&quot;,&quot;infinite&quot;:&quot;yes&quot;}\" data-widget_type=\"image-carousel.default\">\n\t\t\t\t<div class=\"elementor-widget-container\">\n\t\t\t\t\t\t\t<div class=\"elementor-image-carousel-wrapper swiper\" role=\"region\" aria-roledescription=\"carousel\" aria-label=\"Image Carousel\" dir=\"ltr\">\n\t\t\t<div class=\"elementor-image-carousel swiper-wrapper\" aria-live=\"off\">\n\t\t\t\t\t\t\t\t<div class=\"swiper-slide\" role=\"group\" aria-roledescription=\"slide\" aria-label=\"1 of 14\"><figure class=\"swiper-slide-inner\"><img decoding=\"async\" class=\"swiper-slide-image\" src=\"https:\/\/i0.wp.com\/biotonix.com\/wp-content\/uploads\/2025\/09\/UVICBW.png?fit=300%2C110&amp;ssl=1\" alt=\"UVICBW\" \/><\/figure><\/div><div class=\"swiper-slide\" role=\"group\" aria-roledescription=\"slide\" aria-label=\"2 of 14\"><figure class=\"swiper-slide-inner\"><img decoding=\"async\" class=\"swiper-slide-image\" src=\"https:\/\/i0.wp.com\/biotonix.com\/wp-content\/uploads\/2025\/09\/UniversiteQuebecBW.png?fit=300%2C91&amp;ssl=1\" alt=\"Universit\u00e9 du Qu\u00e9bec \u00e0 Trois-Rivi\u00e8res\" \/><\/figure><\/div><div class=\"swiper-slide\" role=\"group\" aria-roledescription=\"slide\" aria-label=\"3 of 14\"><figure class=\"swiper-slide-inner\"><img decoding=\"async\" class=\"swiper-slide-image\" src=\"https:\/\/i0.wp.com\/biotonix.com\/wp-content\/uploads\/2025\/09\/UniversiteLavalBW.png?fit=300%2C124&amp;ssl=1\" alt=\"Laval University\" \/><\/figure><\/div><div class=\"swiper-slide\" role=\"group\" aria-roledescription=\"slide\" aria-label=\"4 of 14\"><figure class=\"swiper-slide-inner\"><img decoding=\"async\" class=\"swiper-slide-image\" src=\"https:\/\/i0.wp.com\/biotonix.com\/wp-content\/uploads\/2025\/09\/UMBW.png?fit=300%2C115&amp;ssl=1\" alt=\"UMBW\" \/><\/figure><\/div><div class=\"swiper-slide\" role=\"group\" aria-roledescription=\"slide\" aria-label=\"5 of 14\"><figure class=\"swiper-slide-inner\"><img decoding=\"async\" class=\"swiper-slide-image\" src=\"https:\/\/i0.wp.com\/biotonix.com\/wp-content\/uploads\/2025\/09\/QueensBW.png?fit=300%2C87&amp;ssl=1\" alt=\"QueensBW\" \/><\/figure><\/div><div class=\"swiper-slide\" role=\"group\" aria-roledescription=\"slide\" aria-label=\"6 of 14\"><figure class=\"swiper-slide-inner\"><img decoding=\"async\" class=\"swiper-slide-image\" src=\"https:\/\/i0.wp.com\/biotonix.com\/wp-content\/uploads\/2025\/09\/PittBW.png?fit=300%2C99&amp;ssl=1\" alt=\"PittBW\" \/><\/figure><\/div><div class=\"swiper-slide\" role=\"group\" aria-roledescription=\"slide\" aria-label=\"7 of 14\"><figure class=\"swiper-slide-inner\"><img decoding=\"async\" class=\"swiper-slide-image\" src=\"https:\/\/i0.wp.com\/biotonix.com\/wp-content\/uploads\/2025\/09\/ParkerBW.png?fit=300%2C104&amp;ssl=1\" alt=\"ParkerBW\" \/><\/figure><\/div><div class=\"swiper-slide\" role=\"group\" aria-roledescription=\"slide\" aria-label=\"8 of 14\"><figure class=\"swiper-slide-inner\"><img decoding=\"async\" class=\"swiper-slide-image\" src=\"https:\/\/i0.wp.com\/biotonix.com\/wp-content\/uploads\/2025\/09\/McGillBW-scaled.png?fit=300%2C71&amp;ssl=1\" alt=\"McGillBW\" \/><\/figure><\/div><div class=\"swiper-slide\" role=\"group\" aria-roledescription=\"slide\" aria-label=\"9 of 14\"><figure class=\"swiper-slide-inner\"><img decoding=\"async\" class=\"swiper-slide-image\" src=\"https:\/\/i0.wp.com\/biotonix.com\/wp-content\/uploads\/2025\/09\/BUBW-scaled.png?fit=300%2C53&amp;ssl=1\" alt=\"BUBW\" \/><\/figure><\/div><div class=\"swiper-slide\" role=\"group\" aria-roledescription=\"slide\" aria-label=\"10 out of 14\"><figure class=\"swiper-slide-inner\"><img decoding=\"async\" class=\"swiper-slide-image\" src=\"https:\/\/i0.wp.com\/biotonix.com\/wp-content\/uploads\/2025\/09\/MaranhaoBW.png?fit=248%2C300&amp;ssl=1\" alt=\"Maranh\u00e3o BW\" \/><\/figure><\/div><div class=\"swiper-slide\" role=\"group\" aria-roledescription=\"slide\" aria-label=\"11 of 14\"><figure class=\"swiper-slide-inner\"><img decoding=\"async\" class=\"swiper-slide-image\" src=\"https:\/\/i0.wp.com\/biotonix.com\/wp-content\/uploads\/2024\/08\/Mitacs.png?fit=300%2C51&amp;ssl=1\" alt=\"Mitacs\" \/><\/figure><\/div><div class=\"swiper-slide\" role=\"group\" aria-roledescription=\"slide\" aria-label=\"12 out of 14\"><figure class=\"swiper-slide-inner\"><img decoding=\"async\" class=\"swiper-slide-image\" src=\"https:\/\/i0.wp.com\/biotonix.com\/wp-content\/uploads\/2024\/08\/gouvCanada.png?fit=143%2C34&amp;ssl=1\" alt=\"gouvCanada\" \/><\/figure><\/div><div class=\"swiper-slide\" role=\"group\" aria-roledescription=\"slide\" aria-label=\"13 of 14\"><figure class=\"swiper-slide-inner\"><img decoding=\"async\" class=\"swiper-slide-image\" src=\"https:\/\/i0.wp.com\/biotonix.com\/wp-content\/uploads\/2026\/04\/Beni-Suef_University_logo.png?fit=214%2C210&amp;ssl=1\" alt=\"Beni-Suef University logo\" \/><\/figure><\/div><div class=\"swiper-slide\" role=\"group\" aria-roledescription=\"slide\" aria-label=\"14 of 14\"><figure class=\"swiper-slide-inner\"><img decoding=\"async\" class=\"swiper-slide-image\" src=\"https:\/\/i0.wp.com\/biotonix.com\/wp-content\/uploads\/2026\/04\/mpbiotec.png?fit=246%2C76&amp;ssl=1\" alt=\"mpbiotec\" \/><\/figure><\/div>\t\t\t<\/div>\n\t\t\t\t\t\t\t\n\t\t\t\t\t\t\t\t\t<\/div>\n\t\t\t\t\t\t<\/div>\n\t\t\t\t<\/div>\n\t\t\t\t<\/div>\n\t\t\t\t<div class=\"elementor-element elementor-element-e40dc9a elementor-widget elementor-widget-heading\" data-id=\"e40dc9a\" data-element_type=\"widget\" data-e-type=\"widget\" data-widget_type=\"heading.default\">\n\t\t\t\t<div class=\"elementor-widget-container\">\n\t\t\t\t\t<h2 class=\"elementor-heading-title elementor-size-default\">Visit the official BIOTONIX Posture website<\/h2>\t\t\t\t<\/div>\n\t\t\t\t<\/div>\n\t\t\t\t<div class=\"elementor-element elementor-element-23ec637 elementor-widget__width-auto crissCrossButton elementor-widget elementor-widget-button\" data-id=\"23ec637\" data-element_type=\"widget\" data-e-type=\"widget\" data-widget_type=\"button.default\">\n\t\t\t\t<div class=\"elementor-widget-container\">\n\t\t\t\t\t\t\t\t\t<div class=\"elementor-button-wrapper\">\n\t\t\t\t\t<a class=\"elementor-button elementor-button-link elementor-size-sm\" href=\"https:\/\/biotonixposture.com\/\" target=\"_blank\" rel=\"noopener\">\n\t\t\t\t\t\t<span class=\"elementor-button-content-wrapper\">\n\t\t\t\t\t\t\t\t\t<span class=\"elementor-button-text\">BIOTONIX Explorer Posture<\/span>\n\t\t\t\t\t<\/span>\n\t\t\t\t\t<\/a>\n\t\t\t\t<\/div>\n\t\t\t\t\t\t\t\t<\/div>\n\t\t\t\t<\/div>\n\t\t<div class=\"elementor-element elementor-element-325d694 e-con-full e-flex e-con e-child\" data-id=\"325d694\" data-element_type=\"container\" data-e-type=\"container\">\n\t\t\t\t<div class=\"elementor-element elementor-element-3c835aa elementor-widget-mobile__width-auto trustedBy elementor-invisible elementor-widget elementor-widget-image-carousel\" data-id=\"3c835aa\" data-element_type=\"widget\" data-e-type=\"widget\" data-settings=\"{&quot;slides_to_show&quot;:&quot;10&quot;,&quot;slides_to_show_mobile&quot;:&quot;3&quot;,&quot;autoplay_speed&quot;:10,&quot;image_spacing_custom&quot;:{&quot;unit&quot;:&quot;px&quot;,&quot;size&quot;:60,&quot;sizes&quot;:[]},&quot;slides_to_show_tablet&quot;:&quot;9&quot;,&quot;image_spacing_custom_mobile&quot;:{&quot;unit&quot;:&quot;px&quot;,&quot;size&quot;:35,&quot;sizes&quot;:[]},&quot;navigation&quot;:&quot;none&quot;,&quot;speed&quot;:6000,&quot;_animation&quot;:&quot;fadeInUp&quot;,&quot;image_spacing_custom_tablet&quot;:{&quot;unit&quot;:&quot;px&quot;,&quot;size&quot;:20,&quot;sizes&quot;:[]},&quot;autoplay&quot;:&quot;yes&quot;,&quot;infinite&quot;:&quot;yes&quot;}\" data-widget_type=\"image-carousel.default\">\n\t\t\t\t<div class=\"elementor-widget-container\">\n\t\t\t\t\t\t\t<div class=\"elementor-image-carousel-wrapper swiper\" role=\"region\" aria-roledescription=\"carousel\" aria-label=\"Image Carousel\" dir=\"rtl\">\n\t\t\t<div class=\"elementor-image-carousel swiper-wrapper\" aria-live=\"off\">\n\t\t\t\t\t\t\t\t<div class=\"swiper-slide\" role=\"group\" aria-roledescription=\"slide\" aria-label=\"1 of 31\"><figure class=\"swiper-slide-inner\"><img decoding=\"async\" class=\"swiper-slide-image\" src=\"https:\/\/i0.wp.com\/biotonix.com\/wp-content\/uploads\/2026\/03\/VALEANT_PHARMACEUTICALS_LOGO.png?fit=300%2C46&amp;ssl=1\" alt=\"Valeant Pharmaceuticals Logo\" \/><\/figure><\/div><div class=\"swiper-slide\" role=\"group\" aria-roledescription=\"slide\" aria-label=\"2 of 31\"><figure class=\"swiper-slide-inner\"><img decoding=\"async\" class=\"swiper-slide-image\" src=\"https:\/\/i0.wp.com\/biotonix.com\/wp-content\/uploads\/2026\/03\/riva-logo-png-transparent.png?fit=300%2C300&amp;ssl=1\" alt=\"riva-logo-png-transparent\" \/><\/figure><\/div><div class=\"swiper-slide\" role=\"group\" aria-roledescription=\"slide\" aria-label=\"3 of 31\"><figure class=\"swiper-slide-inner\"><img decoding=\"async\" class=\"swiper-slide-image\" src=\"https:\/\/i0.wp.com\/biotonix.com\/wp-content\/uploads\/2026\/03\/vi106_20040064_arms_groupetactiqueintervention.png?fit=300%2C300&amp;ssl=1\" alt=\"vi106_20040064_arms_groupetactiqueintervention\" \/><\/figure><\/div><div class=\"swiper-slide\" role=\"group\" aria-roledescription=\"slide\" aria-label=\"4 of 31\"><figure class=\"swiper-slide-inner\"><img decoding=\"async\" class=\"swiper-slide-image\" src=\"https:\/\/i0.wp.com\/biotonix.com\/wp-content\/uploads\/2026\/03\/upmc.png?fit=300%2C136&amp;ssl=1\" alt=\"UPMC\" \/><\/figure><\/div><div class=\"swiper-slide\" role=\"group\" aria-roledescription=\"slide\" aria-label=\"5 of 31\"><figure class=\"swiper-slide-inner\"><img decoding=\"async\" class=\"swiper-slide-image\" src=\"https:\/\/i0.wp.com\/biotonix.com\/wp-content\/uploads\/2026\/03\/PG_logo.svg.png?fit=300%2C131&amp;ssl=1\" alt=\"P&amp;G_logo.svg\" \/><\/figure><\/div><div class=\"swiper-slide\" role=\"group\" aria-roledescription=\"slide\" aria-label=\"6 of 31\"><figure class=\"swiper-slide-inner\"><img decoding=\"async\" class=\"swiper-slide-image\" src=\"https:\/\/i0.wp.com\/biotonix.com\/wp-content\/uploads\/2026\/03\/munich-re.png?fit=280%2C281&amp;ssl=1\" alt=\"Munich Re\" \/><\/figure><\/div><div class=\"swiper-slide\" role=\"group\" aria-roledescription=\"slide\" aria-label=\"7 of 31\"><figure class=\"swiper-slide-inner\"><img decoding=\"async\" class=\"swiper-slide-image\" src=\"https:\/\/i0.wp.com\/biotonix.com\/wp-content\/uploads\/2026\/03\/logo_pai.webp?fit=284%2C152&amp;ssl=1\" alt=\"logo_parent\" \/><\/figure><\/div><div class=\"swiper-slide\" role=\"group\" aria-roledescription=\"slide\" aria-label=\"8 of 31\"><figure class=\"swiper-slide-inner\"><img decoding=\"async\" class=\"swiper-slide-image\" src=\"https:\/\/i0.wp.com\/biotonix.com\/wp-content\/uploads\/2026\/03\/Grey_Group_Germany_logo.svg.png?fit=300%2C89&amp;ssl=1\" alt=\"Grey_Group_Germany_logo.svg\" \/><\/figure><\/div><div class=\"swiper-slide\" role=\"group\" aria-roledescription=\"slide\" aria-label=\"9 of 31\"><figure class=\"swiper-slide-inner\"><img decoding=\"async\" class=\"swiper-slide-image\" src=\"https:\/\/i0.wp.com\/biotonix.com\/wp-content\/uploads\/2026\/03\/Equinox-Logo-scaled.png?fit=300%2C38&amp;ssl=1\" alt=\"Equinox Logo\" \/><\/figure><\/div><div class=\"swiper-slide\" role=\"group\" aria-roledescription=\"slide\" aria-label=\"10 of 31\"><figure class=\"swiper-slide-inner\"><img decoding=\"async\" class=\"swiper-slide-image\" src=\"https:\/\/i0.wp.com\/biotonix.com\/wp-content\/uploads\/2026\/03\/Ecole_nationale_de_police_du_Quebec_-_Insigne.png?fit=300%2C300&amp;ssl=1\" alt=\"Quebec National Police School - Badge\" \/><\/figure><\/div><div class=\"swiper-slide\" role=\"group\" aria-roledescription=\"slide\" aria-label=\"11 of 31\"><figure class=\"swiper-slide-inner\"><img decoding=\"async\" class=\"swiper-slide-image\" src=\"https:\/\/i0.wp.com\/biotonix.com\/wp-content\/uploads\/2026\/03\/348s.png?fit=300%2C300&amp;ssl=1\" alt=\"348s\" \/><\/figure><\/div><div class=\"swiper-slide\" role=\"group\" aria-roledescription=\"slide\" aria-label=\"12 of 31\"><figure class=\"swiper-slide-inner\"><img decoding=\"async\" class=\"swiper-slide-image\" src=\"https:\/\/i0.wp.com\/biotonix.com\/wp-content\/uploads\/2025\/09\/OlympeLogo%404x.png?fit=300%2C119&amp;ssl=1\" alt=\"OlympeLogo@4x\" \/><\/figure><\/div><div class=\"swiper-slide\" role=\"group\" aria-roledescription=\"slide\" aria-label=\"13 of 31\"><figure class=\"swiper-slide-inner\"><img decoding=\"async\" class=\"swiper-slide-image\" src=\"https:\/\/i0.wp.com\/biotonix.com\/wp-content\/uploads\/2025\/09\/fadoq-1.png?fit=264%2C96&amp;ssl=1\" alt=\"fatiha\" \/><\/figure><\/div><div class=\"swiper-slide\" role=\"group\" aria-roledescription=\"slide\" aria-label=\"14 of 31\"><figure class=\"swiper-slide-inner\"><img decoding=\"async\" class=\"swiper-slide-image\" src=\"https:\/\/i0.wp.com\/biotonix.com\/wp-content\/uploads\/2025\/09\/79c414_cdba0aa3ce10445fa4e09e9782b0b0bdmv2.png?fit=300%2C66&amp;ssl=1\" alt=\"79c414_cdba0aa3ce10445fa4e09e9782b0b0bd~mv2\" \/><\/figure><\/div><div class=\"swiper-slide\" role=\"group\" aria-roledescription=\"slide\" aria-label=\"15 of 31\"><figure class=\"swiper-slide-inner\"><img decoding=\"async\" class=\"swiper-slide-image\" src=\"https:\/\/i0.wp.com\/biotonix.com\/wp-content\/uploads\/2025\/09\/VoltarenBW.png?fit=300%2C73&amp;ssl=1\" alt=\"VoltarenBW\" \/><\/figure><\/div><div class=\"swiper-slide\" role=\"group\" aria-roledescription=\"slide\" aria-label=\"16 of 31\"><figure class=\"swiper-slide-inner\"><img decoding=\"async\" class=\"swiper-slide-image\" src=\"https:\/\/i0.wp.com\/biotonix.com\/wp-content\/uploads\/2025\/09\/RioTintoBW.png?fit=300%2C62&amp;ssl=1\" alt=\"RioTintoBW\" \/><\/figure><\/div><div class=\"swiper-slide\" role=\"group\" aria-roledescription=\"slide\" aria-label=\"17 of 31\"><figure class=\"swiper-slide-inner\"><img decoding=\"async\" class=\"swiper-slide-image\" src=\"https:\/\/i0.wp.com\/biotonix.com\/wp-content\/uploads\/2025\/09\/PlatinumBW.png?fit=300%2C300&amp;ssl=1\" alt=\"PlatinumBW\" \/><\/figure><\/div><div class=\"swiper-slide\" role=\"group\" aria-roledescription=\"slide\" aria-label=\"18 of 31\"><figure class=\"swiper-slide-inner\"><img decoding=\"async\" class=\"swiper-slide-image\" src=\"https:\/\/i0.wp.com\/biotonix.com\/wp-content\/uploads\/2025\/09\/MaranhaoBW.png?fit=248%2C300&amp;ssl=1\" alt=\"Maranh\u00e3o BW\" \/><\/figure><\/div><div class=\"swiper-slide\" role=\"group\" aria-roledescription=\"slide\" aria-label=\"19 of 31\"><figure class=\"swiper-slide-inner\"><img decoding=\"async\" class=\"swiper-slide-image\" src=\"https:\/\/i0.wp.com\/biotonix.com\/wp-content\/uploads\/2025\/09\/ILPBW.png?fit=300%2C162&amp;ssl=1\" alt=\"I&#039;ll Be Pretty Loud\" \/><\/figure><\/div><div class=\"swiper-slide\" role=\"group\" aria-roledescription=\"slide\" aria-label=\"20 of 31\"><figure class=\"swiper-slide-inner\"><img decoding=\"async\" class=\"swiper-slide-image\" src=\"https:\/\/i0.wp.com\/biotonix.com\/wp-content\/uploads\/2025\/09\/HexfitBW.png?fit=287%2C300&amp;ssl=1\" alt=\"HexfitBW\" \/><\/figure><\/div><div class=\"swiper-slide\" role=\"group\" aria-roledescription=\"slide\" aria-label=\"21 of 31\"><figure class=\"swiper-slide-inner\"><img decoding=\"async\" class=\"swiper-slide-image\" src=\"https:\/\/i0.wp.com\/biotonix.com\/wp-content\/uploads\/2025\/09\/GSKBW.png?fit=300%2C91&amp;ssl=1\" alt=\"GSKBW\" \/><\/figure><\/div><div class=\"swiper-slide\" role=\"group\" aria-roledescription=\"slide\" aria-label=\"22 of 31\"><figure class=\"swiper-slide-inner\"><img decoding=\"async\" class=\"swiper-slide-image\" src=\"https:\/\/i0.wp.com\/biotonix.com\/wp-content\/uploads\/2025\/09\/GESBW.png?fit=300%2C91&amp;ssl=1\" alt=\"GESBW\" \/><\/figure><\/div><div class=\"swiper-slide\" role=\"group\" aria-roledescription=\"slide\" aria-label=\"23 of 31\"><figure class=\"swiper-slide-inner\"><img decoding=\"async\" class=\"swiper-slide-image\" src=\"https:\/\/i0.wp.com\/biotonix.com\/wp-content\/uploads\/2025\/09\/DesjBW.png?fit=300%2C65&amp;ssl=1\" alt=\"DesjBW\" \/><\/figure><\/div><div class=\"swiper-slide\" role=\"group\" aria-roledescription=\"slide\" aria-label=\"24 of 31\"><figure class=\"swiper-slide-inner\"><img decoding=\"async\" class=\"swiper-slide-image\" src=\"https:\/\/i0.wp.com\/biotonix.com\/wp-content\/uploads\/2025\/09\/CIESBW.png?fit=300%2C151&amp;ssl=1\" alt=\"CIESBW\" \/><\/figure><\/div><div class=\"swiper-slide\" role=\"group\" aria-roledescription=\"slide\" aria-label=\"25 of 31\"><figure class=\"swiper-slide-inner\"><img decoding=\"async\" class=\"swiper-slide-image\" src=\"https:\/\/i0.wp.com\/biotonix.com\/wp-content\/uploads\/2025\/09\/CargillBW.png?fit=300%2C134&amp;ssl=1\" alt=\"CargillBW\" \/><\/figure><\/div><div class=\"swiper-slide\" role=\"group\" aria-roledescription=\"slide\" aria-label=\"26 out of 31\"><figure class=\"swiper-slide-inner\"><img decoding=\"async\" class=\"swiper-slide-image\" src=\"https:\/\/i0.wp.com\/biotonix.com\/wp-content\/uploads\/2025\/09\/BrunetBW.png?fit=300%2C60&amp;ssl=1\" alt=\"BrunetBW\" \/><\/figure><\/div><div class=\"swiper-slide\" role=\"group\" aria-roledescription=\"slide\" aria-label=\"27 of 31\"><figure class=\"swiper-slide-inner\"><img decoding=\"async\" class=\"swiper-slide-image\" src=\"https:\/\/i0.wp.com\/biotonix.com\/wp-content\/uploads\/2025\/09\/BNBW.png?fit=300%2C78&amp;ssl=1\" alt=\"BNBW\" \/><\/figure><\/div><div class=\"swiper-slide\" role=\"group\" aria-roledescription=\"slide\" aria-label=\"28 of 31\"><figure class=\"swiper-slide-inner\"><img decoding=\"async\" class=\"swiper-slide-image\" src=\"https:\/\/i0.wp.com\/biotonix.com\/wp-content\/uploads\/2025\/09\/BBBW.png?fit=106%2C92&amp;ssl=1\" alt=\"BBBW\" \/><\/figure><\/div><div class=\"swiper-slide\" role=\"group\" aria-roledescription=\"slide\" aria-label=\"29 out of 31\"><figure class=\"swiper-slide-inner\"><img decoding=\"async\" class=\"swiper-slide-image\" src=\"https:\/\/i0.wp.com\/biotonix.com\/wp-content\/uploads\/2025\/09\/APBW.png?fit=300%2C288&amp;ssl=1\" alt=\"APBW\" \/><\/figure><\/div><div class=\"swiper-slide\" role=\"group\" aria-roledescription=\"slide\" aria-label=\"30 of 31\"><figure class=\"swiper-slide-inner\"><img decoding=\"async\" class=\"swiper-slide-image\" src=\"https:\/\/i0.wp.com\/biotonix.com\/wp-content\/uploads\/2025\/09\/AMRBW.png?fit=300%2C110&amp;ssl=1\" alt=\"AMRBW\" \/><\/figure><\/div><div class=\"swiper-slide\" role=\"group\" aria-roledescription=\"slide\" aria-label=\"31 of 31\"><figure class=\"swiper-slide-inner\"><img decoding=\"async\" class=\"swiper-slide-image\" src=\"https:\/\/i0.wp.com\/biotonix.com\/wp-content\/uploads\/2026\/04\/Act_actuaires_Logo_Noir-scaled.png?fit=300%2C167&amp;ssl=1\" alt=\"Act_actuaries_Logo_Black\" \/><\/figure><\/div>\t\t\t<\/div>\n\t\t\t\t\t\t\t\n\t\t\t\t\t\t\t\t\t<\/div>\n\t\t\t\t\t\t<\/div>\n\t\t\t\t<\/div>\n\t\t\t\t<\/div>\n\t\t\t\t<\/div>\n\t\t\t\t<\/div>","protected":false},"excerpt":{"rendered":"<p>Visit the official BIOTONIX Posture Explorer BIOTONIX Posture website<\/p>","protected":false},"author":2,"featured_media":0,"parent":0,"menu_order":0,"comment_status":"closed","ping_status":"closed","template":"","meta":{"footnotes":""},"class_list":["post-237","page","type-page","status-publish","hentry"],"jetpack_sharing_enabled":true,"_links":{"self":[{"href":"https:\/\/biotonix.com\/en\/wp-json\/wp\/v2\/pages\/237","targetHints":{"allow":["GET"]}}],"collection":[{"href":"https:\/\/biotonix.com\/en\/wp-json\/wp\/v2\/pages"}],"about":[{"href":"https:\/\/biotonix.com\/en\/wp-json\/wp\/v2\/types\/page"}],"author":[{"embeddable":true,"href":"https:\/\/biotonix.com\/en\/wp-json\/wp\/v2\/users\/2"}],"replies":[{"embeddable":true,"href":"https:\/\/biotonix.com\/en\/wp-json\/wp\/v2\/comments?post=237"}],"version-history":[{"count":3,"href":"https:\/\/biotonix.com\/en\/wp-json\/wp\/v2\/pages\/237\/revisions"}],"predecessor-version":[{"id":7571,"href":"https:\/\/biotonix.com\/en\/wp-json\/wp\/v2\/pages\/237\/revisions\/7571"}],"wp:attachment":[{"href":"https:\/\/biotonix.com\/en\/wp-json\/wp\/v2\/media?parent=237"}],"curies":[{"name":"wp","href":"https:\/\/api.w.org\/{rel}","templated":true}]}}