{"id":1369,"date":"2024-05-14T15:34:22","date_gmt":"2024-05-14T15:34:22","guid":{"rendered":"https:\/\/biotonix.com\/?page_id=1369"},"modified":"2026-04-01T20:32:11","modified_gmt":"2026-04-01T20:32:11","slug":"cybersecurity","status":"publish","type":"page","link":"https:\/\/biotonix.com\/en\/cybersecurite\/","title":{"rendered":"Cybersecurity"},"content":{"rendered":"<div data-elementor-type=\"wp-page\" data-elementor-id=\"1369\" class=\"elementor elementor-1369\" data-elementor-post-type=\"page\">\n\t\t\t\t<div class=\"elementor-element elementor-element-c2077a9 e-con-full e-flex e-con e-parent\" data-id=\"c2077a9\" data-element_type=\"container\" data-e-type=\"container\" data-settings=\"{&quot;background_background&quot;:&quot;gradient&quot;}\">\n\t\t<div class=\"elementor-element elementor-element-a0dc0e6 e-con-full e-flex e-con e-child\" data-id=\"a0dc0e6\" data-element_type=\"container\" data-e-type=\"container\">\n\t\t<div class=\"elementor-element elementor-element-bd31ec6 e-con-full e-flex elementor-invisible e-con e-child\" data-id=\"bd31ec6\" data-element_type=\"container\" data-e-type=\"container\" data-settings=\"{&quot;animation&quot;:&quot;fadeInLeft&quot;}\">\n\t\t\t\t<div class=\"elementor-element elementor-element-e51a57f elementor-widget elementor-widget-heading\" data-id=\"e51a57f\" data-element_type=\"widget\" data-e-type=\"widget\" data-widget_type=\"heading.default\">\n\t\t\t\t<div class=\"elementor-widget-container\">\n\t\t\t\t\t<h2 class=\"elementor-heading-title elementor-size-default\">YOUR DATA IS PROTECTED<\/h2>\t\t\t\t<\/div>\n\t\t\t\t<\/div>\n\t\t\t\t<div class=\"elementor-element elementor-element-5f904e0 elementor-widget elementor-widget-text-editor\" data-id=\"5f904e0\" data-element_type=\"widget\" data-e-type=\"widget\" data-widget_type=\"text-editor.default\">\n\t\t\t\t<div class=\"elementor-widget-container\">\n\t\t\t\t\t\t\t\t\t<p>We have implemented security mechanisms to ensure that your personal information is used in a responsible and ethical manner. Through strict control over access to this data, we ensure the confidentiality and integrity of your information.<\/p>\t\t\t\t\t\t\t\t<\/div>\n\t\t\t\t<\/div>\n\t\t\t\t<div class=\"elementor-element elementor-element-a99501f elementor-align-center elementor-widget elementor-widget-button\" data-id=\"a99501f\" data-element_type=\"widget\" data-e-type=\"widget\" data-widget_type=\"button.default\">\n\t\t\t\t<div class=\"elementor-widget-container\">\n\t\t\t\t\t\t\t\t\t<div class=\"elementor-button-wrapper\">\n\t\t\t\t\t<a class=\"elementor-button elementor-button-link elementor-size-sm elementor-animation-shrink\" href=\"https:\/\/biotonix.com\/data-privacy\/\">\n\t\t\t\t\t\t<span class=\"elementor-button-content-wrapper\">\n\t\t\t\t\t\t\t\t\t<span class=\"elementor-button-text\">Privacy policy<\/span>\n\t\t\t\t\t<\/span>\n\t\t\t\t\t<\/a>\n\t\t\t\t<\/div>\n\t\t\t\t\t\t\t\t<\/div>\n\t\t\t\t<\/div>\n\t\t\t\t<\/div>\n\t\t<div class=\"elementor-element elementor-element-67de8fe e-con-full elementor-hidden-tablet elementor-hidden-mobile e-flex e-con e-child\" data-id=\"67de8fe\" data-element_type=\"container\" data-e-type=\"container\">\n\t\t\t\t<div class=\"elementor-element elementor-element-ebf5220 elementor-widget-mobile__width-initial elementor-position-top elementor-widget elementor-widget-image-box\" data-id=\"ebf5220\" data-element_type=\"widget\" data-e-type=\"widget\" data-widget_type=\"image-box.default\">\n\t\t\t\t<div class=\"elementor-widget-container\">\n\t\t\t\t\t<div class=\"elementor-image-box-wrapper\"><figure class=\"elementor-image-box-img\"><img fetchpriority=\"high\" decoding=\"async\" width=\"1920\" height=\"2560\" src=\"https:\/\/biotonix.com\/wp-content\/uploads\/2026\/01\/Biotonix-Cybersecurity-and-Data-Privacy-v2.3.pdf\" class=\"attachment-full size-full wp-image-2613\" alt=\"\" sizes=\"(max-width: 800px) 100vw, 800px\" \/><\/figure><div class=\"elementor-image-box-content\"><h3 class=\"elementor-image-box-title\">S\u00e9bastien Lacoste ING.<\/h3><p class=\"elementor-image-box-description\">Cybersecurity Manager<\/p><\/div><\/div>\t\t\t\t<\/div>\n\t\t\t\t<\/div>\n\t\t\t\t<\/div>\n\t\t\t\t<\/div>\n\t\t\t\t<\/div>\n\t\t\t\t<\/div>","protected":false},"excerpt":{"rendered":"<p>Vos donn\u00e9es sont prot\u00e9g\u00e9s Nous avons mis en place des m\u00e9canismes de s\u00e9curit\u00e9 pour garantir que vos informations personnelles sont utilis\u00e9es de mani\u00e8re responsable et \u00e9thique. Gr\u00e2ce \u00e0 un contr\u00f4le strict sur l&rsquo;acc\u00e8s \u00e0 ces donn\u00e9es, nous assurons la confidentialit\u00e9 et l&rsquo;int\u00e9grit\u00e9 de vos informations. Politique de confidentialit\u00e9 des donn\u00e9es S\u00e9bastien Lacoste ING. Responsable de [&hellip;]<\/p>\n","protected":false},"author":2,"featured_media":0,"parent":0,"menu_order":0,"comment_status":"closed","ping_status":"closed","template":"elementor_canvas","meta":{"footnotes":""},"class_list":["post-1369","page","type-page","status-publish","hentry"],"jetpack_sharing_enabled":true,"_links":{"self":[{"href":"https:\/\/biotonix.com\/en\/wp-json\/wp\/v2\/pages\/1369","targetHints":{"allow":["GET"]}}],"collection":[{"href":"https:\/\/biotonix.com\/en\/wp-json\/wp\/v2\/pages"}],"about":[{"href":"https:\/\/biotonix.com\/en\/wp-json\/wp\/v2\/types\/page"}],"author":[{"embeddable":true,"href":"https:\/\/biotonix.com\/en\/wp-json\/wp\/v2\/users\/2"}],"replies":[{"embeddable":true,"href":"https:\/\/biotonix.com\/en\/wp-json\/wp\/v2\/comments?post=1369"}],"version-history":[{"count":9,"href":"https:\/\/biotonix.com\/en\/wp-json\/wp\/v2\/pages\/1369\/revisions"}],"predecessor-version":[{"id":7476,"href":"https:\/\/biotonix.com\/en\/wp-json\/wp\/v2\/pages\/1369\/revisions\/7476"}],"wp:attachment":[{"href":"https:\/\/biotonix.com\/en\/wp-json\/wp\/v2\/media?parent=1369"}],"curies":[{"name":"wp","href":"https:\/\/api.w.org\/{rel}","templated":true}]}}